{"id":2503,"date":"2020-09-08T20:42:36","date_gmt":"2020-09-08T20:42:36","guid":{"rendered":"https:\/\/maitenvargas.com\/?page_id=2503"},"modified":"2020-09-16T02:07:40","modified_gmt":"2020-09-16T02:07:40","slug":"mas-sobre-mi","status":"publish","type":"page","link":"https:\/\/maitenvargas.com\/es\/mas-sobre-mi\/","title":{"rendered":"M\u00c1S SOBRE M\u00cd"},"content":{"rendered":"\t\t<div data-elementor-type=\"wp-page\" data-elementor-id=\"2503\" class=\"elementor elementor-2503\">\n\t\t\t\t\t\t<section class=\"elementor-section elementor-top-section elementor-element elementor-element-9aa5524 elementor-section-boxed elementor-section-height-default elementor-section-height-default\" data-id=\"9aa5524\" data-element_type=\"section\">\n\t\t\t\t\t\t<div class=\"elementor-container elementor-column-gap-default\">\n\t\t\t\t\t<div class=\"elementor-column elementor-col-100 elementor-top-column elementor-element elementor-element-dd93591\" data-id=\"dd93591\" data-element_type=\"column\">\n\t\t\t<div class=\"elementor-widget-wrap elementor-element-populated\">\n\t\t\t\t\t\t<div class=\"elementor-element elementor-element-18d53bf elementor-widget elementor-widget-heading\" data-id=\"18d53bf\" data-element_type=\"widget\" data-widget_type=\"heading.default\">\n\t\t\t\t<div class=\"elementor-widget-container\">\n\t\t\t\t\t<h2 class=\"elementor-heading-title elementor-size-default\">M\u00e1s sobre m\u00ed<\/h2>\t\t\t\t<\/div>\n\t\t\t\t<\/div>\n\t\t\t\t<div class=\"elementor-element elementor-element-aa6b731 elementor-widget-divider--view-line elementor-widget elementor-widget-divider\" data-id=\"aa6b731\" data-element_type=\"widget\" data-widget_type=\"divider.default\">\n\t\t\t\t<div class=\"elementor-widget-container\">\n\t\t\t\t\t\t\t<div class=\"elementor-divider\">\n\t\t\t<span class=\"elementor-divider-separator\">\n\t\t\t\t\t\t<\/span>\n\t\t<\/div>\n\t\t\t\t\t\t<\/div>\n\t\t\t\t<\/div>\n\t\t\t\t<div class=\"elementor-element elementor-element-531091c elementor-widget elementor-widget-spacer\" data-id=\"531091c\" data-element_type=\"widget\" data-widget_type=\"spacer.default\">\n\t\t\t\t<div class=\"elementor-widget-container\">\n\t\t\t\t\t\t\t<div class=\"elementor-spacer\">\n\t\t\t<div class=\"elementor-spacer-inner\"><\/div>\n\t\t<\/div>\n\t\t\t\t\t\t<\/div>\n\t\t\t\t<\/div>\n\t\t\t\t<div class=\"elementor-element elementor-element-2d8fa1a elementor-widget elementor-widget-heading\" data-id=\"2d8fa1a\" data-element_type=\"widget\" data-widget_type=\"heading.default\">\n\t\t\t\t<div class=\"elementor-widget-container\">\n\t\t\t\t\t<h2 class=\"elementor-heading-title elementor-size-default\">Por mi perfil multifac\u00e9tico y mis antecedentes en la docencia, el Ministerio de Educaci\u00f3n franc\u00e9s me seleccion\u00f3 para el Programa de Asistentes de Espa\u00f1ol y, en 2010, despu\u00e9s de haberme graduado, pas\u00e9 un a\u00f1o escolar dando clases en dos escuelas secundarias en Laval, Pays de la Loire. Esta estancia fuera de Argentina me ayud\u00f3 a seguir ampliando mi mirada sobre el mundo y prepar\u00e1ndome para trabajar en contextos internacionales. Fue la primera estancia acad\u00e9mica en el exterior y un viaje m\u00e1s de los tantos que vendr\u00edan despu\u00e9s.\n<\/h2>\t\t\t\t<\/div>\n\t\t\t\t<\/div>\n\t\t\t\t<div class=\"elementor-element elementor-element-ff49cf0 elementor-widget elementor-widget-spacer\" data-id=\"ff49cf0\" data-element_type=\"widget\" data-widget_type=\"spacer.default\">\n\t\t\t\t<div class=\"elementor-widget-container\">\n\t\t\t\t\t\t\t<div class=\"elementor-spacer\">\n\t\t\t<div class=\"elementor-spacer-inner\"><\/div>\n\t\t<\/div>\n\t\t\t\t\t\t<\/div>\n\t\t\t\t<\/div>\n\t\t\t\t<div class=\"elementor-element elementor-element-f7197c4 elementor-widget elementor-widget-heading\" data-id=\"f7197c4\" data-element_type=\"widget\" data-widget_type=\"heading.default\">\n\t\t\t\t<div class=\"elementor-widget-container\">\n\t\t\t\t\t<h2 class=\"elementor-heading-title elementor-size-default\">El siguiente destino fue Buenos Aires, lugar donde resido actualmente. Vine a ser int\u00e9rprete de conferencias, pero tambi\u00e9n a trabajar en la Fundaci\u00f3n para Estudio e Investigaci\u00f3n de la Mujer (FEIM), una de las ONG m\u00e1s importantes en igualdad de g\u00e9nero y empoderamiento de las mujeres en Argentina y Am\u00e9rica Latina. Esta experiencia fue definitoria y una puerta a las agencias internacionales y a la cooperaci\u00f3n para el desarrollo. Ac\u00e1, encontr\u00e9 mi especialidad y profundic\u00e9 en temas que me importaban desde siempre. Desde FEIM, trabaj\u00e9 en la traducci\u00f3n, interpretaci\u00f3n, correcci\u00f3n y adaptaci\u00f3n de textos para proyectos con ONUSIDA, ONU MUJERES, Unicef, UNFPA, PNUD y el Fondo Mundial de Lucha contra Sida, Tuberculosis y Malaria, en Asia, \u00c1frica y Am\u00e9rica Latina. Estos a\u00f1os me sirvieron para estar en espacios de alto nivel, con autonom\u00eda y bajo presi\u00f3n, pero en equipo.\n<\/h2>\t\t\t\t<\/div>\n\t\t\t\t<\/div>\n\t\t\t\t<div class=\"elementor-element elementor-element-a7206f6 elementor-widget elementor-widget-spacer\" data-id=\"a7206f6\" data-element_type=\"widget\" data-widget_type=\"spacer.default\">\n\t\t\t\t<div class=\"elementor-widget-container\">\n\t\t\t\t\t\t\t<div class=\"elementor-spacer\">\n\t\t\t<div class=\"elementor-spacer-inner\"><\/div>\n\t\t<\/div>\n\t\t\t\t\t\t<\/div>\n\t\t\t\t<\/div>\n\t\t\t\t<div class=\"elementor-element elementor-element-166eada elementor-widget elementor-widget-heading\" data-id=\"166eada\" data-element_type=\"widget\" data-widget_type=\"heading.default\">\n\t\t\t\t<div class=\"elementor-widget-container\">\n\t\t\t\t\t<h2 class=\"elementor-heading-title elementor-size-default\">En 2016, me lanc\u00e9 al mundo del trabajo independiente. Desde entonces, mi cartera de clientes fue creciendo gracias a mis habilidades interpersonales y mi participaci\u00f3n activa en organizaciones de la sociedad civil. Ha incluido ONG nacionales e internacionales, instituciones gubernamentales, agencias intergubernamentales, empresas privadas y particulares. Los proyectos se siguen concentrando en temas de g\u00e9nero, salud sexual y reproductiva, migraci\u00f3n, medioambiente, liderazgo joven, pero tambi\u00e9n ahora en arte, ciencias sociales, marketing, educaci\u00f3n, entre otros. Tuve trabajos de traducci\u00f3n de mucha visibilidad, como exposiciones de arte de Jean Paul Gaultier y Guillermo Kuitca con la Fondation Cartier; una campa\u00f1a de arte y activismo de Amplifier; un manual de g\u00e9nero y migraci\u00f3n, la campa\u00f1a Soy Migrante y el documento final de la Conferencia de Naciones Unidas sobre Cooperaci\u00f3n Sur-Sur para la OIM Argentina; un manual de capacitaci\u00f3n sobre liderazgo joven de GOJoven; capacitaciones sobre g\u00e9nero en el \u00e1mbito judicial para Vital Voices Global Partnership a trav\u00e9s de la empresa Umbrella; y una compilaci\u00f3n de art\u00edculos sobre teor\u00eda foucaultiana. En interpretaci\u00f3n, se destaca mi participaci\u00f3n en la presentaci\u00f3n de un informe del Guttmacher Institute y la revista The Lancet en el Senado de la Naci\u00f3n y en el evento paralelo al W20 en el marco del G20 organizado por la Embajada de los Pa\u00edses Bajos, entre otros. \n \n<\/h2>\t\t\t\t<\/div>\n\t\t\t\t<\/div>\n\t\t\t\t<div class=\"elementor-element elementor-element-1b97f42 elementor-widget elementor-widget-spacer\" data-id=\"1b97f42\" data-element_type=\"widget\" data-widget_type=\"spacer.default\">\n\t\t\t\t<div class=\"elementor-widget-container\">\n\t\t\t\t\t\t\t<div class=\"elementor-spacer\">\n\t\t\t<div class=\"elementor-spacer-inner\"><\/div>\n\t\t<\/div>\n\t\t\t\t\t\t<\/div>\n\t\t\t\t<\/div>\n\t\t\t\t<div class=\"elementor-element elementor-element-5973010 elementor-widget elementor-widget-heading\" data-id=\"5973010\" data-element_type=\"widget\" data-widget_type=\"heading.default\">\n\t\t\t\t<div class=\"elementor-widget-container\">\n\t\t\t\t\t<h2 class=\"elementor-heading-title elementor-size-default\">Entre tanta actividad laboral y personal, tambi\u00e9n hice espacio para la formaci\u00f3n continua y algunas experiencias en la docencia. Entre 2014 y 2019, el Colegio de Traductores P\u00fablicos de CABA me otorg\u00f3 tres becas de posgrado y una beca para una estancia corta en la \u00c9cole Sup\u00e9rieure d'Interpr\u00e8tes et de Traducteurs (ESIT) en Par\u00eds. Durante tres a\u00f1os, estuve a cargo de una materia de traducci\u00f3n especializada en turismo, historia y geograf\u00eda en el Instituto Pedro Goyena, de Bah\u00eda Blanca, Argentina. En 2018, tambi\u00e9n complet\u00e9 una adscripci\u00f3n en la materia dedicada a la traducci\u00f3n de ciencias sociales en el Lenguas Vivas J. R. Fern\u00e1ndez. Mi tesina fue una propuesta pedag\u00f3gica para formar profesionales empoderados a partir de la inclusi\u00f3n de textos que permitieran el trabajo del lenguaje en uso y habilitaran la construcci\u00f3n de nuevos significados. Us\u00e9 un texto sobre crossdressers en Estados Unidos cuando todav\u00eda nadie hablaba de g\u00e9nero ni identidades en las casas de estudio de Traducci\u00f3n en Argentina porque creo que las aulas no pueden estar desconectadas de lo que pasa en la calle. Actualmente, me dedico a investigar por cuenta propia.<\/h2>\t\t\t\t<\/div>\n\t\t\t\t<\/div>\n\t\t\t\t<div class=\"elementor-element elementor-element-73eeaf1 elementor-widget elementor-widget-spacer\" data-id=\"73eeaf1\" data-element_type=\"widget\" data-widget_type=\"spacer.default\">\n\t\t\t\t<div class=\"elementor-widget-container\">\n\t\t\t\t\t\t\t<div class=\"elementor-spacer\">\n\t\t\t<div class=\"elementor-spacer-inner\"><\/div>\n\t\t<\/div>\n\t\t\t\t\t\t<\/div>\n\t\t\t\t<\/div>\n\t\t\t\t<div class=\"elementor-element elementor-element-ba49576 elementor-widget elementor-widget-heading\" data-id=\"ba49576\" data-element_type=\"widget\" data-widget_type=\"heading.default\">\n\t\t\t\t<div class=\"elementor-widget-container\">\n\t\t\t\t\t<h2 class=\"elementor-heading-title elementor-size-default\">De 2012 a 2020, hice cuatro viajes a Europa, dos a Estados Unidos, uno a Australia y Singapur, cinco a Brasil, y uno a Canad\u00e1 y M\u00e9xico, adem\u00e1s de otros por Argentina. Voy de un lado al otro porque mueven los afectos y porque extra\u00f1o una parte de m\u00ed cuando no estoy en movimiento: los descubrimientos, los aprendizajes y la posibilidad de seguir teniendo puentes y redes. No conozco otra forma de vida, pero tampoco creo que sea la mejor o la \u00fanica. Por ahora, no soy n\u00f3made digital y tampoco dejar\u00eda todo para irme de mochilera. Si me preguntan de donde soy, no puedo responder solo un lugar. Siento de todos aquellos que me hicieron y en los que hice. Por eso, me siento ciudadana del mundo.<\/h2>\t\t\t\t<\/div>\n\t\t\t\t<\/div>\n\t\t\t\t<div class=\"elementor-element elementor-element-77e836f elementor-widget elementor-widget-spacer\" data-id=\"77e836f\" data-element_type=\"widget\" data-widget_type=\"spacer.default\">\n\t\t\t\t<div class=\"elementor-widget-container\">\n\t\t\t\t\t\t\t<div class=\"elementor-spacer\">\n\t\t\t<div class=\"elementor-spacer-inner\"><\/div>\n\t\t<\/div>\n\t\t\t\t\t\t<\/div>\n\t\t\t\t<\/div>\n\t\t\t\t<div class=\"elementor-element elementor-element-0896cbd elementor-widget elementor-widget-spacer\" data-id=\"0896cbd\" data-element_type=\"widget\" data-widget_type=\"spacer.default\">\n\t\t\t\t<div class=\"elementor-widget-container\">\n\t\t\t\t\t\t\t<div class=\"elementor-spacer\">\n\t\t\t<div class=\"elementor-spacer-inner\"><\/div>\n\t\t<\/div>\n\t\t\t\t\t\t<\/div>\n\t\t\t\t<\/div>\n\t\t\t\t<div class=\"elementor-element elementor-element-8ec4027 elementor-widget elementor-widget-heading\" data-id=\"8ec4027\" data-element_type=\"widget\" data-widget_type=\"heading.default\">\n\t\t\t\t<div class=\"elementor-widget-container\">\n\t\t\t\t\t<h2 class=\"elementor-heading-title elementor-size-default\">Otras cosas sobre m\u00ed que no podr\u00eda poner en un curr\u00edculum<\/h2>\t\t\t\t<\/div>\n\t\t\t\t<\/div>\n\t\t\t\t<div class=\"elementor-element elementor-element-a0dfe02 elementor-widget elementor-widget-spacer\" data-id=\"a0dfe02\" data-element_type=\"widget\" data-widget_type=\"spacer.default\">\n\t\t\t\t<div class=\"elementor-widget-container\">\n\t\t\t\t\t\t\t<div class=\"elementor-spacer\">\n\t\t\t<div class=\"elementor-spacer-inner\"><\/div>\n\t\t<\/div>\n\t\t\t\t\t\t<\/div>\n\t\t\t\t<\/div>\n\t\t\t\t<div class=\"elementor-element elementor-element-c807503 elementor-widget elementor-widget-heading\" data-id=\"c807503\" data-element_type=\"widget\" data-widget_type=\"heading.default\">\n\t\t\t\t<div class=\"elementor-widget-container\">\n\t\t\t\t\t<h2 class=\"elementor-heading-title elementor-size-default\">En algunas organizaciones sin fines de lucro, combin\u00e9 mi trabajo de traductora con tareas administrativas y de investigaci\u00f3n en proyectos internacionales. Creo que trabajar dentro de una estructura jer\u00e1rquica es fundamental en alg\u00fan momento de la vida. Para ser tu propio jefe, tambi\u00e9n ten\u00e9s que aprender a tenerlos.<\/h2>\t\t\t\t<\/div>\n\t\t\t\t<\/div>\n\t\t\t\t<div class=\"elementor-element elementor-element-2195706 elementor-widget elementor-widget-spacer\" data-id=\"2195706\" data-element_type=\"widget\" data-widget_type=\"spacer.default\">\n\t\t\t\t<div class=\"elementor-widget-container\">\n\t\t\t\t\t\t\t<div class=\"elementor-spacer\">\n\t\t\t<div class=\"elementor-spacer-inner\"><\/div>\n\t\t<\/div>\n\t\t\t\t\t\t<\/div>\n\t\t\t\t<\/div>\n\t\t\t\t<div class=\"elementor-element elementor-element-6da12a1 elementor-widget elementor-widget-heading\" data-id=\"6da12a1\" data-element_type=\"widget\" data-widget_type=\"heading.default\">\n\t\t\t\t<div class=\"elementor-widget-container\">\n\t\t\t\t\t<h2 class=\"elementor-heading-title elementor-size-default\">Viniendo de una familia libanesa, la comida tiene un lugar preponderante en mi vida. Invierto mucho tiempo en conocer restaurantes y bares. Disfruto mucho de sentarme sola y observar. Algunos lugares se descifran viendo c\u00f3mo se vincula la gente cuando come o toma un caf\u00e9. Si viajo, no sigo gu\u00edas, salvo para ver cu\u00e1l es el mejor mercado. Soy la referencia gastron\u00f3mica de amigos, familia y clientes en distintas ciudades. Fui camarera en un restaurante en Colorado, Estados Unidos. Me hice amiga de algunos de los due\u00f1os de mis lugares favoritos. Todo esto me vali\u00f3 algunos trabajos para la destiler\u00eda de whisky estadounidense m\u00e1s conocida.<\/h2>\t\t\t\t<\/div>\n\t\t\t\t<\/div>\n\t\t\t\t<div class=\"elementor-element elementor-element-bea7883 elementor-widget elementor-widget-spacer\" data-id=\"bea7883\" data-element_type=\"widget\" data-widget_type=\"spacer.default\">\n\t\t\t\t<div class=\"elementor-widget-container\">\n\t\t\t\t\t\t\t<div class=\"elementor-spacer\">\n\t\t\t<div class=\"elementor-spacer-inner\"><\/div>\n\t\t<\/div>\n\t\t\t\t\t\t<\/div>\n\t\t\t\t<\/div>\n\t\t\t\t<div class=\"elementor-element elementor-element-b071ae9 elementor-widget elementor-widget-heading\" data-id=\"b071ae9\" data-element_type=\"widget\" data-widget_type=\"heading.default\">\n\t\t\t\t<div class=\"elementor-widget-container\">\n\t\t\t\t\t<h2 class=\"elementor-heading-title elementor-size-default\">Por el trabajo de mi madre, crec\u00ed en museos y talleres de artistas. Despu\u00e9s ya no pude escapar mucho a ese mundo. Entend\u00ed que el arte sana, salva y ayuda a procesar momentos. De grande hice un curso de percepci\u00f3n de color en la galer\u00eda HACHE y otro en el MoMA sobre c\u00f3mo incluir el arte en la educaci\u00f3n. Trabaj\u00e9 con artistas en sus portfolios y presentaciones a convocatorias. Fui asistente de producci\u00f3n en un videoclip del cantante Axel Krygier y en la presentaci\u00f3n de uno de sus discos. Creo que gestionar proyectos se parece mucho a producir. Adem\u00e1s, estudi\u00e9 canto dos a\u00f1os, algo que me ayud\u00f3 mucho para regular el aire y la voz en la cabina de interpretaci\u00f3n.<\/h2>\t\t\t\t<\/div>\n\t\t\t\t<\/div>\n\t\t\t\t<div class=\"elementor-element elementor-element-f3c5cf7 elementor-widget elementor-widget-spacer\" data-id=\"f3c5cf7\" data-element_type=\"widget\" data-widget_type=\"spacer.default\">\n\t\t\t\t<div class=\"elementor-widget-container\">\n\t\t\t\t\t\t\t<div class=\"elementor-spacer\">\n\t\t\t<div class=\"elementor-spacer-inner\"><\/div>\n\t\t<\/div>\n\t\t\t\t\t\t<\/div>\n\t\t\t\t<\/div>\n\t\t\t\t<div class=\"elementor-element elementor-element-d8919dd elementor-widget elementor-widget-heading\" data-id=\"d8919dd\" data-element_type=\"widget\" data-widget_type=\"heading.default\">\n\t\t\t\t<div class=\"elementor-widget-container\">\n\t\t\t\t\t<h2 class=\"elementor-heading-title elementor-size-default\">Los primeros meses como trabajadora independiente tuve miedo de no llegar a fin de mes, as\u00ed que fui desde ni\u00f1era hasta modelo. Tambi\u00e9n puse mi rostro para un juego del parque tem\u00e1tico Tecn\u00f3polis. Ahora ese video es parte del programa del Ministerio de Educaci\u00f3n de Argentina. No di mi consentimiento para eso.<\/h2>\t\t\t\t<\/div>\n\t\t\t\t<\/div>\n\t\t\t\t<div class=\"elementor-element elementor-element-5bdc5a1 elementor-widget elementor-widget-spacer\" data-id=\"5bdc5a1\" data-element_type=\"widget\" data-widget_type=\"spacer.default\">\n\t\t\t\t<div class=\"elementor-widget-container\">\n\t\t\t\t\t\t\t<div class=\"elementor-spacer\">\n\t\t\t<div class=\"elementor-spacer-inner\"><\/div>\n\t\t<\/div>\n\t\t\t\t\t\t<\/div>\n\t\t\t\t<\/div>\n\t\t\t\t<div class=\"elementor-element elementor-element-9b9e3dd elementor-widget elementor-widget-spacer\" data-id=\"9b9e3dd\" data-element_type=\"widget\" data-widget_type=\"spacer.default\">\n\t\t\t\t<div class=\"elementor-widget-container\">\n\t\t\t\t\t\t\t<div class=\"elementor-spacer\">\n\t\t\t<div class=\"elementor-spacer-inner\"><\/div>\n\t\t<\/div>\n\t\t\t\t\t\t<\/div>\n\t\t\t\t<\/div>\n\t\t\t\t<div class=\"elementor-element elementor-element-fd64ae1 elementor-align-center elementor-widget elementor-widget-button\" data-id=\"fd64ae1\" data-element_type=\"widget\" data-widget_type=\"button.default\">\n\t\t\t\t<div class=\"elementor-widget-container\">\n\t\t\t\t\t\t\t\t\t<div class=\"elementor-button-wrapper\">\n\t\t\t\t\t<a class=\"elementor-button elementor-button-link elementor-size-sm\" href=\"https:\/\/maitenvargas.com\/\">\n\t\t\t\t\t\t<span class=\"elementor-button-content-wrapper\">\n\t\t\t\t\t\t\t\t\t<span class=\"elementor-button-text\">VOLVER<\/span>\n\t\t\t\t\t<\/span>\n\t\t\t\t\t<\/a>\n\t\t\t\t<\/div>\n\t\t\t\t\t\t\t\t<\/div>\n\t\t\t\t<\/div>\n\t\t\t\t\t<\/div>\n\t\t<\/div>\n\t\t\t\t\t<\/div>\n\t\t<\/section>\n\t\t\t\t<\/div>\n\t\t","protected":false},"excerpt":{"rendered":"<p>M\u00e1s sobre m\u00ed Por mi perfil multifac\u00e9tico y mis antecedentes en la docencia, el Ministerio de Educaci\u00f3n franc\u00e9s me seleccion\u00f3 para el Programa de Asistentes de Espa\u00f1ol y, en 2010, despu\u00e9s de haberme graduado, pas\u00e9 un a\u00f1o escolar dando clases en dos escuelas secundarias en Laval, Pays de la Loire. Esta estancia fuera de Argentina [&hellip;]<\/p>\n","protected":false},"author":2,"featured_media":0,"parent":0,"menu_order":0,"comment_status":"closed","ping_status":"closed","template":"","meta":{"ocean_post_layout":"","ocean_both_sidebars_style":"","ocean_both_sidebars_content_width":0,"ocean_both_sidebars_sidebars_width":0,"ocean_sidebar":"0","ocean_second_sidebar":"0","ocean_disable_margins":"enable","ocean_add_body_class":"","ocean_shortcode_before_top_bar":"","ocean_shortcode_after_top_bar":"","ocean_shortcode_before_header":"","ocean_shortcode_after_header":"","ocean_has_shortcode":"","ocean_shortcode_after_title":"","ocean_shortcode_before_footer_widgets":"","ocean_shortcode_after_footer_widgets":"","ocean_shortcode_before_footer_bottom":"","ocean_shortcode_after_footer_bottom":"","ocean_display_top_bar":"default","ocean_display_header":"default","ocean_header_style":"","ocean_center_header_left_menu":"0","ocean_custom_header_template":"0","ocean_custom_logo":0,"ocean_custom_retina_logo":0,"ocean_custom_logo_max_width":0,"ocean_custom_logo_tablet_max_width":0,"ocean_custom_logo_mobile_max_width":0,"ocean_custom_logo_max_height":0,"ocean_custom_logo_tablet_max_height":0,"ocean_custom_logo_mobile_max_height":0,"ocean_header_custom_menu":"0","ocean_menu_typo_font_family":"0","ocean_menu_typo_font_subset":"","ocean_menu_typo_font_size":0,"ocean_menu_typo_font_size_tablet":0,"ocean_menu_typo_font_size_mobile":0,"ocean_menu_typo_font_size_unit":"px","ocean_menu_typo_font_weight":"","ocean_menu_typo_font_weight_tablet":"","ocean_menu_typo_font_weight_mobile":"","ocean_menu_typo_transform":"","ocean_menu_typo_transform_tablet":"","ocean_menu_typo_transform_mobile":"","ocean_menu_typo_line_height":0,"ocean_menu_typo_line_height_tablet":0,"ocean_menu_typo_line_height_mobile":0,"ocean_menu_typo_line_height_unit":"","ocean_menu_typo_spacing":0,"ocean_menu_typo_spacing_tablet":0,"ocean_menu_typo_spacing_mobile":0,"ocean_menu_typo_spacing_unit":"","ocean_menu_link_color":"","ocean_menu_link_color_hover":"","ocean_menu_link_color_active":"","ocean_menu_link_background":"","ocean_menu_link_hover_background":"","ocean_menu_link_active_background":"","ocean_menu_social_links_bg":"","ocean_menu_social_hover_links_bg":"","ocean_menu_social_links_color":"","ocean_menu_social_hover_links_color":"","ocean_disable_title":"default","ocean_disable_heading":"default","ocean_post_title":"","ocean_post_subheading":"","ocean_post_title_style":"","ocean_post_title_background_color":"","ocean_post_title_background":0,"ocean_post_title_bg_image_position":"","ocean_post_title_bg_image_attachment":"","ocean_post_title_bg_image_repeat":"","ocean_post_title_bg_image_size":"","ocean_post_title_height":0,"ocean_post_title_bg_overlay":0.5,"ocean_post_title_bg_overlay_color":"","ocean_disable_breadcrumbs":"default","ocean_breadcrumbs_color":"","ocean_breadcrumbs_separator_color":"","ocean_breadcrumbs_links_color":"","ocean_breadcrumbs_links_hover_color":"","ocean_display_footer_widgets":"default","ocean_display_footer_bottom":"default","ocean_custom_footer_template":"0","footnotes":""},"class_list":["post-2503","page","type-page","status-publish","hentry","entry"],"_links":{"self":[{"href":"https:\/\/maitenvargas.com\/es\/wp-json\/wp\/v2\/pages\/2503","targetHints":{"allow":["GET"]}}],"collection":[{"href":"https:\/\/maitenvargas.com\/es\/wp-json\/wp\/v2\/pages"}],"about":[{"href":"https:\/\/maitenvargas.com\/es\/wp-json\/wp\/v2\/types\/page"}],"author":[{"embeddable":true,"href":"https:\/\/maitenvargas.com\/es\/wp-json\/wp\/v2\/users\/2"}],"replies":[{"embeddable":true,"href":"https:\/\/maitenvargas.com\/es\/wp-json\/wp\/v2\/comments?post=2503"}],"version-history":[{"count":3,"href":"https:\/\/maitenvargas.com\/es\/wp-json\/wp\/v2\/pages\/2503\/revisions"}],"predecessor-version":[{"id":2592,"href":"https:\/\/maitenvargas.com\/es\/wp-json\/wp\/v2\/pages\/2503\/revisions\/2592"}],"wp:attachment":[{"href":"https:\/\/maitenvargas.com\/es\/wp-json\/wp\/v2\/media?parent=2503"}],"curies":[{"name":"wp","href":"https:\/\/api.w.org\/{rel}","templated":true}]}}