{"id":2503,"date":"2020-09-08T20:42:36","date_gmt":"2020-09-08T20:42:36","guid":{"rendered":"https:\/\/maitenvargas.com\/?page_id=2503"},"modified":"2020-09-16T02:07:40","modified_gmt":"2020-09-16T02:07:40","slug":"mas-sobre-mi","status":"publish","type":"page","link":"https:\/\/maitenvargas.com\/en\/mas-sobre-mi\/","title":{"rendered":"M\u00c1S SOBRE M\u00cd"},"content":{"rendered":"<div data-elementor-type=\"wp-page\" data-elementor-id=\"2503\" class=\"elementor elementor-2503\">\n\t\t\t\t\t\t<section class=\"elementor-section elementor-top-section elementor-element elementor-element-9aa5524 elementor-section-boxed elementor-section-height-default elementor-section-height-default\" data-id=\"9aa5524\" data-element_type=\"section\">\n\t\t\t\t\t\t<div class=\"elementor-container elementor-column-gap-default\">\n\t\t\t\t\t<div class=\"elementor-column elementor-col-100 elementor-top-column elementor-element elementor-element-dd93591\" data-id=\"dd93591\" data-element_type=\"column\">\n\t\t\t<div class=\"elementor-widget-wrap elementor-element-populated\">\n\t\t\t\t\t\t<div class=\"elementor-element elementor-element-18d53bf elementor-widget elementor-widget-heading\" data-id=\"18d53bf\" data-element_type=\"widget\" data-widget_type=\"heading.default\">\n\t\t\t\t<div class=\"elementor-widget-container\">\n\t\t\t\t\t<h2 class=\"elementor-heading-title elementor-size-default\">More About Me<\/h2>\t\t\t\t<\/div>\n\t\t\t\t<\/div>\n\t\t\t\t<div class=\"elementor-element elementor-element-aa6b731 elementor-widget-divider--view-line elementor-widget elementor-widget-divider\" data-id=\"aa6b731\" data-element_type=\"widget\" data-widget_type=\"divider.default\">\n\t\t\t\t<div class=\"elementor-widget-container\">\n\t\t\t\t\t\t\t<div class=\"elementor-divider\">\n\t\t\t<span class=\"elementor-divider-separator\">\n\t\t\t\t\t\t<\/span>\n\t\t<\/div>\n\t\t\t\t\t\t<\/div>\n\t\t\t\t<\/div>\n\t\t\t\t<div class=\"elementor-element elementor-element-531091c elementor-widget elementor-widget-spacer\" data-id=\"531091c\" data-element_type=\"widget\" data-widget_type=\"spacer.default\">\n\t\t\t\t<div class=\"elementor-widget-container\">\n\t\t\t\t\t\t\t<div class=\"elementor-spacer\">\n\t\t\t<div class=\"elementor-spacer-inner\"><\/div>\n\t\t<\/div>\n\t\t\t\t\t\t<\/div>\n\t\t\t\t<\/div>\n\t\t\t\t<div class=\"elementor-element elementor-element-2d8fa1a elementor-widget elementor-widget-heading\" data-id=\"2d8fa1a\" data-element_type=\"widget\" data-widget_type=\"heading.default\">\n\t\t\t\t<div class=\"elementor-widget-container\">\n\t\t\t\t\t<h2 class=\"elementor-heading-title elementor-size-default\">Due to my multi-faceted profile and my teaching background, the French Ministry of Education selected me for the Spanish Assistants Program and in 2010, after graduating, I spent a school year teaching in two secondary schools in Laval, Pays de la Loire. This experience outside of Argentina helped me to continue to broaden my outlook on the world and to prepare myself to work in international contexts. It was the first academic experience abroad and one more trip of the many to come.\n<\/h2>\t\t\t\t<\/div>\n\t\t\t\t<\/div>\n\t\t\t\t<div class=\"elementor-element elementor-element-ff49cf0 elementor-widget elementor-widget-spacer\" data-id=\"ff49cf0\" data-element_type=\"widget\" data-widget_type=\"spacer.default\">\n\t\t\t\t<div class=\"elementor-widget-container\">\n\t\t\t\t\t\t\t<div class=\"elementor-spacer\">\n\t\t\t<div class=\"elementor-spacer-inner\"><\/div>\n\t\t<\/div>\n\t\t\t\t\t\t<\/div>\n\t\t\t\t<\/div>\n\t\t\t\t<div class=\"elementor-element elementor-element-f7197c4 elementor-widget elementor-widget-heading\" data-id=\"f7197c4\" data-element_type=\"widget\" data-widget_type=\"heading.default\">\n\t\t\t\t<div class=\"elementor-widget-container\">\n\t\t\t\t\t<h2 class=\"elementor-heading-title elementor-size-default\">The next destination was Buenos Aires, where I currently reside. I came here to work as a conference interpreter, but also to work at the Foundation for Women's Studies and Research (FEIM, in Spanish), one of the most important NGOs in gender equality and women's empowerment in Argentina and Latin America. This experience was defining and a gateway to international agencies and development cooperation. Here, I found my specialty and went deeper into issues that had always been important to me. From FEIM, I worked in translation, interpretation, proofreading and adaptation of texts for projects with UNAIDS, UNWOMEN, UNICEF, UNFPA, UNDP and the Global Fund to Fight AIDS, Tuberculosis and Malaria, in Asia, Africa and Latin America. These years helped me to develop in high-level contexts, with autonomy and greater pressure, but working as a team.\n<\/h2>\t\t\t\t<\/div>\n\t\t\t\t<\/div>\n\t\t\t\t<div class=\"elementor-element elementor-element-a7206f6 elementor-widget elementor-widget-spacer\" data-id=\"a7206f6\" data-element_type=\"widget\" data-widget_type=\"spacer.default\">\n\t\t\t\t<div class=\"elementor-widget-container\">\n\t\t\t\t\t\t\t<div class=\"elementor-spacer\">\n\t\t\t<div class=\"elementor-spacer-inner\"><\/div>\n\t\t<\/div>\n\t\t\t\t\t\t<\/div>\n\t\t\t\t<\/div>\n\t\t\t\t<div class=\"elementor-element elementor-element-166eada elementor-widget elementor-widget-heading\" data-id=\"166eada\" data-element_type=\"widget\" data-widget_type=\"heading.default\">\n\t\t\t\t<div class=\"elementor-widget-container\">\n\t\t\t\t\t<h2 class=\"elementor-heading-title elementor-size-default\">In 2016, I launched myself into the world of independent work. Since then, my client portfolio has grown thanks to my interpersonal skills and my active participation in civil society organizations. It has included national and international NGOs, government institutions, intergovernmental agencies, private companies and individuals. The projects continue to focus on gender, sexual and reproductive health, migration, environment, youth leadership, but also now on arts, social sciences, marketing, education, among others. I had high-profile translation work, such as art exhibitions by Jean Paul Gaultier and Guillermo Kuitca with the Fondation Cartier; an art and activism campaign by Amplifier; a gender and migration manual, the Soy Migrante campaign and the final document of the UN Conference on South-South Cooperation for IOM Argentina; a training manual on young leadership by GOJoven; guidance on gender in the judicial field for Vital Voices Global Partnership through the Umbrella company; and a compilation of articles on Foucauldian theory. In interpretation, my participation in the presentation of a report by the Guttmacher Institute and The Lancet magazine in the Argentine Senate and in the side event to the W20 in the framework of the G20 organized by the Dutch Embassy, among others, are highlights of my career so far. \n \n<\/h2>\t\t\t\t<\/div>\n\t\t\t\t<\/div>\n\t\t\t\t<div class=\"elementor-element elementor-element-1b97f42 elementor-widget elementor-widget-spacer\" data-id=\"1b97f42\" data-element_type=\"widget\" data-widget_type=\"spacer.default\">\n\t\t\t\t<div class=\"elementor-widget-container\">\n\t\t\t\t\t\t\t<div class=\"elementor-spacer\">\n\t\t\t<div class=\"elementor-spacer-inner\"><\/div>\n\t\t<\/div>\n\t\t\t\t\t\t<\/div>\n\t\t\t\t<\/div>\n\t\t\t\t<div class=\"elementor-element elementor-element-5973010 elementor-widget elementor-widget-heading\" data-id=\"5973010\" data-element_type=\"widget\" data-widget_type=\"heading.default\">\n\t\t\t\t<div class=\"elementor-widget-container\">\n\t\t\t\t\t<h2 class=\"elementor-heading-title elementor-size-default\">Amid so much work, I also made room for continuous training and some teaching experiences. Between 2014 and 2019, the Colegio de Traductores P\u00fablicos de CABA awarded me three postgraduate scholarships and a scholarship for a short stay at the \u00c9cole Sup\u00e9rieure d'Interpr\u00e8tes et de Traducteurs (ESIT) in Paris. For three years, I was in charge of a translation course specializing in tourism, history and geography at the Pedro Goyena Institute in Bah\u00eda Blanca, Argentina. In 2018, I also completed an assistantship as trainer in the subject of social science translation at Lenguas Vivas J. R. Fern\u00e1ndez. My thesis was a pedagogical proposal to train empowered professionals through the inclusion of texts that allow the work of non-standard language and enable the construction of new meanings. I used a text about crossdressers in the United States when no one was talking about gender or identities in translation courses in Argentina because I believe that classrooms cannot be disconnected from what happens in the street. Currently, I am engaged in my own research.<\/h2>\t\t\t\t<\/div>\n\t\t\t\t<\/div>\n\t\t\t\t<div class=\"elementor-element elementor-element-73eeaf1 elementor-widget elementor-widget-spacer\" data-id=\"73eeaf1\" data-element_type=\"widget\" data-widget_type=\"spacer.default\">\n\t\t\t\t<div class=\"elementor-widget-container\">\n\t\t\t\t\t\t\t<div class=\"elementor-spacer\">\n\t\t\t<div class=\"elementor-spacer-inner\"><\/div>\n\t\t<\/div>\n\t\t\t\t\t\t<\/div>\n\t\t\t\t<\/div>\n\t\t\t\t<div class=\"elementor-element elementor-element-ba49576 elementor-widget elementor-widget-heading\" data-id=\"ba49576\" data-element_type=\"widget\" data-widget_type=\"heading.default\">\n\t\t\t\t<div class=\"elementor-widget-container\">\n\t\t\t\t\t<h2 class=\"elementor-heading-title elementor-size-default\">From 2012 to 2020, I made four trips to Europe, two to the United States, five to Brazil and journeyed to Australia, Singapore, Canada and Mexico, as well as other trips around Argentina. I go from one place to another because it moves me emotionally and because I miss that part of me when I'm not traveling: discoveries, learning and the possibility of continuing to make bridges and connections. I don't know any other way of life, but I don't think it's the best or the only way of living. For now, I'm not a digital nomad and I wouldn't give up everything to go backpacking either. If you ask me where I'm from, I can't just say I\u2019m from one place. I feel like I am from all those places that formed me and defined who I am. That's why I feel like a citizen of the world.<\/h2>\t\t\t\t<\/div>\n\t\t\t\t<\/div>\n\t\t\t\t<div class=\"elementor-element elementor-element-77e836f elementor-widget elementor-widget-spacer\" data-id=\"77e836f\" data-element_type=\"widget\" data-widget_type=\"spacer.default\">\n\t\t\t\t<div class=\"elementor-widget-container\">\n\t\t\t\t\t\t\t<div class=\"elementor-spacer\">\n\t\t\t<div class=\"elementor-spacer-inner\"><\/div>\n\t\t<\/div>\n\t\t\t\t\t\t<\/div>\n\t\t\t\t<\/div>\n\t\t\t\t<div class=\"elementor-element elementor-element-0896cbd elementor-widget elementor-widget-spacer\" data-id=\"0896cbd\" data-element_type=\"widget\" data-widget_type=\"spacer.default\">\n\t\t\t\t<div class=\"elementor-widget-container\">\n\t\t\t\t\t\t\t<div class=\"elementor-spacer\">\n\t\t\t<div class=\"elementor-spacer-inner\"><\/div>\n\t\t<\/div>\n\t\t\t\t\t\t<\/div>\n\t\t\t\t<\/div>\n\t\t\t\t<div class=\"elementor-element elementor-element-8ec4027 elementor-widget elementor-widget-heading\" data-id=\"8ec4027\" data-element_type=\"widget\" data-widget_type=\"heading.default\">\n\t\t\t\t<div class=\"elementor-widget-container\">\n\t\t\t\t\t<h2 class=\"elementor-heading-title elementor-size-default\">Other things about me that I couldn't put on a resume<\/h2>\t\t\t\t<\/div>\n\t\t\t\t<\/div>\n\t\t\t\t<div class=\"elementor-element elementor-element-a0dfe02 elementor-widget elementor-widget-spacer\" data-id=\"a0dfe02\" data-element_type=\"widget\" data-widget_type=\"spacer.default\">\n\t\t\t\t<div class=\"elementor-widget-container\">\n\t\t\t\t\t\t\t<div class=\"elementor-spacer\">\n\t\t\t<div class=\"elementor-spacer-inner\"><\/div>\n\t\t<\/div>\n\t\t\t\t\t\t<\/div>\n\t\t\t\t<\/div>\n\t\t\t\t<div class=\"elementor-element elementor-element-c807503 elementor-widget elementor-widget-heading\" data-id=\"c807503\" data-element_type=\"widget\" data-widget_type=\"heading.default\">\n\t\t\t\t<div class=\"elementor-widget-container\">\n\t\t\t\t\t<h2 class=\"elementor-heading-title elementor-size-default\">In some non-profit organizations, I combined my work as a translator with administrative and research tasks in international projects. I believe that working within a hierarchical structure is essential at some point in life. To be your own boss, you also have to learn to work with one.<\/h2>\t\t\t\t<\/div>\n\t\t\t\t<\/div>\n\t\t\t\t<div class=\"elementor-element elementor-element-2195706 elementor-widget elementor-widget-spacer\" data-id=\"2195706\" data-element_type=\"widget\" data-widget_type=\"spacer.default\">\n\t\t\t\t<div class=\"elementor-widget-container\">\n\t\t\t\t\t\t\t<div class=\"elementor-spacer\">\n\t\t\t<div class=\"elementor-spacer-inner\"><\/div>\n\t\t<\/div>\n\t\t\t\t\t\t<\/div>\n\t\t\t\t<\/div>\n\t\t\t\t<div class=\"elementor-element elementor-element-6da12a1 elementor-widget elementor-widget-heading\" data-id=\"6da12a1\" data-element_type=\"widget\" data-widget_type=\"heading.default\">\n\t\t\t\t<div class=\"elementor-widget-container\">\n\t\t\t\t\t<h2 class=\"elementor-heading-title elementor-size-default\">Coming from a Lebanese family, food has a prominent place in my life. I spend a lot of time finding new restaurants and bars. I enjoy sitting alone and people watching. Some places are unraveled by analyzing how people bond when they eat or drink a coffee. If I travel, I don't follow guides, except to locate which is the best market. For friends, family and clients in different cities, I am the reference point for recommending great places to eat. I was a waitress in a restaurant in Colorado, United States. I became friends with some of the owners of my favorite places. All this earned me a job at the most well-loved American whisky distillery.<\/h2>\t\t\t\t<\/div>\n\t\t\t\t<\/div>\n\t\t\t\t<div class=\"elementor-element elementor-element-bea7883 elementor-widget elementor-widget-spacer\" data-id=\"bea7883\" data-element_type=\"widget\" data-widget_type=\"spacer.default\">\n\t\t\t\t<div class=\"elementor-widget-container\">\n\t\t\t\t\t\t\t<div class=\"elementor-spacer\">\n\t\t\t<div class=\"elementor-spacer-inner\"><\/div>\n\t\t<\/div>\n\t\t\t\t\t\t<\/div>\n\t\t\t\t<\/div>\n\t\t\t\t<div class=\"elementor-element elementor-element-b071ae9 elementor-widget elementor-widget-heading\" data-id=\"b071ae9\" data-element_type=\"widget\" data-widget_type=\"heading.default\">\n\t\t\t\t<div class=\"elementor-widget-container\">\n\t\t\t\t\t<h2 class=\"elementor-heading-title elementor-size-default\">Through my mother's work as a writer, I grew up in museums and artists' studios. After that, I couldn't escape that world. I understood that art heals, saves and helps to process moments. When I grew up, I took a course in color perception at the HACHE gallery and another at MoMA on how to include art in education. I worked with artists on their portfolios and submissions to art proposals. I was a production assistant on a video clip by singer Axel Krygier and on the presentation of one of his albums. I think managing projects is a lot like producing. In addition, I studied singing for two years, which helped me a lot to regulate the air and voice in a performance booth.<\/h2>\t\t\t\t<\/div>\n\t\t\t\t<\/div>\n\t\t\t\t<div class=\"elementor-element elementor-element-f3c5cf7 elementor-widget elementor-widget-spacer\" data-id=\"f3c5cf7\" data-element_type=\"widget\" data-widget_type=\"spacer.default\">\n\t\t\t\t<div class=\"elementor-widget-container\">\n\t\t\t\t\t\t\t<div class=\"elementor-spacer\">\n\t\t\t<div class=\"elementor-spacer-inner\"><\/div>\n\t\t<\/div>\n\t\t\t\t\t\t<\/div>\n\t\t\t\t<\/div>\n\t\t\t\t<div class=\"elementor-element elementor-element-d8919dd elementor-widget elementor-widget-heading\" data-id=\"d8919dd\" data-element_type=\"widget\" data-widget_type=\"heading.default\">\n\t\t\t\t<div class=\"elementor-widget-container\">\n\t\t\t\t\t<h2 class=\"elementor-heading-title elementor-size-default\">The first months as a freelancer I was afraid I wouldn\u2019t be able to support myself, so I went from babysitting to modeling. I also put my face to a game in the Tecnopolis theme park. Now that video is part of the program of the Ministry of Education of Argentina. I didn't give my consent for that.<\/h2>\t\t\t\t<\/div>\n\t\t\t\t<\/div>\n\t\t\t\t<div class=\"elementor-element elementor-element-5bdc5a1 elementor-widget elementor-widget-spacer\" data-id=\"5bdc5a1\" data-element_type=\"widget\" data-widget_type=\"spacer.default\">\n\t\t\t\t<div class=\"elementor-widget-container\">\n\t\t\t\t\t\t\t<div class=\"elementor-spacer\">\n\t\t\t<div class=\"elementor-spacer-inner\"><\/div>\n\t\t<\/div>\n\t\t\t\t\t\t<\/div>\n\t\t\t\t<\/div>\n\t\t\t\t<div class=\"elementor-element elementor-element-9b9e3dd elementor-widget elementor-widget-spacer\" data-id=\"9b9e3dd\" data-element_type=\"widget\" data-widget_type=\"spacer.default\">\n\t\t\t\t<div class=\"elementor-widget-container\">\n\t\t\t\t\t\t\t<div class=\"elementor-spacer\">\n\t\t\t<div class=\"elementor-spacer-inner\"><\/div>\n\t\t<\/div>\n\t\t\t\t\t\t<\/div>\n\t\t\t\t<\/div>\n\t\t\t\t<div class=\"elementor-element elementor-element-fd64ae1 elementor-align-center elementor-widget elementor-widget-button\" data-id=\"fd64ae1\" data-element_type=\"widget\" data-widget_type=\"button.default\">\n\t\t\t\t<div class=\"elementor-widget-container\">\n\t\t\t\t\t\t\t\t\t<div class=\"elementor-button-wrapper\">\n\t\t\t\t\t<a class=\"elementor-button elementor-button-link elementor-size-sm\" href=\"https:\/\/maitenvargas.com\/en\/\">\n\t\t\t\t\t\t<span class=\"elementor-button-content-wrapper\">\n\t\t\t\t\t\t\t\t\t<span class=\"elementor-button-text\">BACK<\/span>\n\t\t\t\t\t<\/span>\n\t\t\t\t\t<\/a>\n\t\t\t\t<\/div>\n\t\t\t\t\t\t\t\t<\/div>\n\t\t\t\t<\/div>\n\t\t\t\t\t<\/div>\n\t\t<\/div>\n\t\t\t\t\t<\/div>\n\t\t<\/section>\n\t\t\t\t<\/div>","protected":false},"excerpt":{"rendered":"<p>M\u00e1s sobre m\u00ed Por mi perfil multifac\u00e9tico y mis antecedentes en la docencia, el Ministerio de Educaci\u00f3n franc\u00e9s me seleccion\u00f3 para el Programa de Asistentes de Espa\u00f1ol y, en 2010, despu\u00e9s de haberme graduado, pas\u00e9 un a\u00f1o escolar dando clases en dos escuelas secundarias en Laval, Pays de la Loire. Esta estancia fuera de Argentina [&hellip;]<\/p>","protected":false},"author":2,"featured_media":0,"parent":0,"menu_order":0,"comment_status":"closed","ping_status":"closed","template":"","meta":{"ocean_post_layout":"","ocean_both_sidebars_style":"","ocean_both_sidebars_content_width":0,"ocean_both_sidebars_sidebars_width":0,"ocean_sidebar":"0","ocean_second_sidebar":"0","ocean_disable_margins":"enable","ocean_add_body_class":"","ocean_shortcode_before_top_bar":"","ocean_shortcode_after_top_bar":"","ocean_shortcode_before_header":"","ocean_shortcode_after_header":"","ocean_has_shortcode":"","ocean_shortcode_after_title":"","ocean_shortcode_before_footer_widgets":"","ocean_shortcode_after_footer_widgets":"","ocean_shortcode_before_footer_bottom":"","ocean_shortcode_after_footer_bottom":"","ocean_display_top_bar":"default","ocean_display_header":"default","ocean_header_style":"","ocean_center_header_left_menu":"0","ocean_custom_header_template":"0","ocean_custom_logo":0,"ocean_custom_retina_logo":0,"ocean_custom_logo_max_width":0,"ocean_custom_logo_tablet_max_width":0,"ocean_custom_logo_mobile_max_width":0,"ocean_custom_logo_max_height":0,"ocean_custom_logo_tablet_max_height":0,"ocean_custom_logo_mobile_max_height":0,"ocean_header_custom_menu":"0","ocean_menu_typo_font_family":"0","ocean_menu_typo_font_subset":"","ocean_menu_typo_font_size":0,"ocean_menu_typo_font_size_tablet":0,"ocean_menu_typo_font_size_mobile":0,"ocean_menu_typo_font_size_unit":"px","ocean_menu_typo_font_weight":"","ocean_menu_typo_font_weight_tablet":"","ocean_menu_typo_font_weight_mobile":"","ocean_menu_typo_transform":"","ocean_menu_typo_transform_tablet":"","ocean_menu_typo_transform_mobile":"","ocean_menu_typo_line_height":0,"ocean_menu_typo_line_height_tablet":0,"ocean_menu_typo_line_height_mobile":0,"ocean_menu_typo_line_height_unit":"","ocean_menu_typo_spacing":0,"ocean_menu_typo_spacing_tablet":0,"ocean_menu_typo_spacing_mobile":0,"ocean_menu_typo_spacing_unit":"","ocean_menu_link_color":"","ocean_menu_link_color_hover":"","ocean_menu_link_color_active":"","ocean_menu_link_background":"","ocean_menu_link_hover_background":"","ocean_menu_link_active_background":"","ocean_menu_social_links_bg":"","ocean_menu_social_hover_links_bg":"","ocean_menu_social_links_color":"","ocean_menu_social_hover_links_color":"","ocean_disable_title":"default","ocean_disable_heading":"default","ocean_post_title":"","ocean_post_subheading":"","ocean_post_title_style":"","ocean_post_title_background_color":"","ocean_post_title_background":0,"ocean_post_title_bg_image_position":"","ocean_post_title_bg_image_attachment":"","ocean_post_title_bg_image_repeat":"","ocean_post_title_bg_image_size":"","ocean_post_title_height":0,"ocean_post_title_bg_overlay":0.5,"ocean_post_title_bg_overlay_color":"","ocean_disable_breadcrumbs":"default","ocean_breadcrumbs_color":"","ocean_breadcrumbs_separator_color":"","ocean_breadcrumbs_links_color":"","ocean_breadcrumbs_links_hover_color":"","ocean_display_footer_widgets":"default","ocean_display_footer_bottom":"default","ocean_custom_footer_template":"0","footnotes":""},"class_list":["post-2503","page","type-page","status-publish","hentry","entry"],"_links":{"self":[{"href":"https:\/\/maitenvargas.com\/en\/wp-json\/wp\/v2\/pages\/2503","targetHints":{"allow":["GET"]}}],"collection":[{"href":"https:\/\/maitenvargas.com\/en\/wp-json\/wp\/v2\/pages"}],"about":[{"href":"https:\/\/maitenvargas.com\/en\/wp-json\/wp\/v2\/types\/page"}],"author":[{"embeddable":true,"href":"https:\/\/maitenvargas.com\/en\/wp-json\/wp\/v2\/users\/2"}],"replies":[{"embeddable":true,"href":"https:\/\/maitenvargas.com\/en\/wp-json\/wp\/v2\/comments?post=2503"}],"version-history":[{"count":3,"href":"https:\/\/maitenvargas.com\/en\/wp-json\/wp\/v2\/pages\/2503\/revisions"}],"predecessor-version":[{"id":2592,"href":"https:\/\/maitenvargas.com\/en\/wp-json\/wp\/v2\/pages\/2503\/revisions\/2592"}],"wp:attachment":[{"href":"https:\/\/maitenvargas.com\/en\/wp-json\/wp\/v2\/media?parent=2503"}],"curies":[{"name":"wp","href":"https:\/\/api.w.org\/{rel}","templated":true}]}}